{"id":1913,"date":"2025-07-29T18:06:54","date_gmt":"2025-07-29T17:06:54","guid":{"rendered":"https:\/\/www.vodacom.co.me\/capacity-development-of-viks\/"},"modified":"2025-12-07T10:23:41","modified_gmt":"2025-12-07T09:23:41","slug":"capacity-development-of-viks","status":"publish","type":"page","link":"https:\/\/www.vodacom.co.me\/en\/projects\/capacity-development-of-viks\/","title":{"rendered":"Capacity Development of ViKs"},"content":{"rendered":"\t\t<div data-elementor-type=\"wp-page\" data-elementor-id=\"1913\" class=\"elementor elementor-1913 elementor-379\" data-elementor-post-type=\"page\">\n\t\t\t\t<div class=\"elementor-element elementor-element-4baa115 e-flex e-con-boxed e-con e-parent\" data-id=\"4baa115\" data-element_type=\"container\" data-settings=\"{&quot;background_background&quot;:&quot;classic&quot;,&quot;jet_parallax_layout_list&quot;:[]}\">\n\t\t\t\t\t<div class=\"e-con-inner\">\n\t\t\t\t\t<\/div>\n\t\t\t\t<\/div>\n\t\t<div class=\"elementor-element elementor-element-3952c1a e-flex e-con-boxed e-con e-parent\" data-id=\"3952c1a\" data-element_type=\"container\" data-settings=\"{&quot;jet_parallax_layout_list&quot;:[]}\">\n\t\t\t\t\t<div class=\"e-con-inner\">\n\t\t\t\t<div class=\"elementor-element elementor-element-6ca375d elementor-widget__width-initial elementor-hidden-desktop elementor-hidden-tablet elementor-hidden-mobile elementor-widget elementor-widget-text-editor\" data-id=\"6ca375d\" data-element_type=\"widget\" data-widget_type=\"text-editor.default\">\n\t\t\t\t<div class=\"elementor-widget-container\">\n\t\t\t\t\t\t\t\t\t<p>Istovremeno sa investicionim projektom Vodacom svih ovih godina paralelno implementira Projekat razvoja kapaciteta vodovodnih preduze\u0107a u okviru kojeg pru\u017ea podr\u0161ku osoblju ViKova u izradi poslovnih planova, tarifnih studija, planova pobolj\u0161aja naplate, analizi potra\u017eivanja, analizi finansijskih izvje\u0161taja, GiSu, hidrauli\u010dkom modeliranju, detekciji tehni\u010dkih gubitaka u vodovodnom sistemu.<\/p>\t\t\t\t\t\t\t\t<\/div>\n\t\t\t\t<\/div>\n\t\t\t\t<div class=\"elementor-element elementor-element-badcc3f elementor-widget elementor-widget-heading\" data-id=\"badcc3f\" data-element_type=\"widget\" data-widget_type=\"heading.default\">\n\t\t\t\t<div class=\"elementor-widget-container\">\n\t\t\t\t\t<h3 class=\"elementor-heading-title elementor-size-default\">Ongoing Projects<\/h3>\t\t\t\t<\/div>\n\t\t\t\t<\/div>\n\t\t\t\t<div class=\"elementor-element elementor-element-38cb97f elementor-widget elementor-widget-heading\" data-id=\"38cb97f\" data-element_type=\"widget\" data-widget_type=\"heading.default\">\n\t\t\t\t<div class=\"elementor-widget-container\">\n\t\t\t\t\t<h4 class=\"elementor-heading-title elementor-size-default\">Benchmarking<\/h4>\t\t\t\t<\/div>\n\t\t\t\t<\/div>\n\t\t\t\t<div class=\"elementor-element elementor-element-d7eb436 elementor-widget__width-initial elementor-widget elementor-widget-text-editor\" data-id=\"d7eb436\" data-element_type=\"widget\" data-widget_type=\"text-editor.default\">\n\t\t\t\t<div class=\"elementor-widget-container\">\n\t\t\t\t\t\t\t\t\t<p>Since 2003, Vodacom has been systematically and continuously collecting data on the performance of local water utilities, used for establisment of a comprehensive system of business performance indicators at both monthly and annual levels. <\/p><p>This serves for creating a realistic and objective picture of water utilities&#8217; performance. Benchmarking represents a systematic and continuous process of measuring and comparing business performance with other entities in the sector, with the aim of identifying opportunities to improve efficiency. <\/p><p>Through intensive cooperation with water utilities (ViKs) and professional services, data have been systematically collected and analyzed to calculate key performance indicators, which will serve as important guidance for business strategy planning, more efficient management, and continuous improvement of operational performance.<\/p><p>Since 2013, cooperation has been established with the World Bank and the International Association of Water Supply in the Danube River Basin, as well as participation in international benchmarking platforms (IBNET, EBC). This has enabled the exchange of experiences and best practices through monitoring key performance indicators in the water supply and wastewater sector with companies in the region and Europe, providing additional guidance for the development and improvement of the sector at the local level. <\/p><p>The European Benchmarking Initiative carries out activities within the benchmarking cycle by preparing ViKs for benchmarking activities, data collection, analysis, reporting, workshops, assessing the utility\u2019s status, and preparing and presenting the annual report. Comparison with other participants on this platform allows ViKs to determine their position relative to others, identify critical business performance indicators, monitor indicators over a certain period, create a database,etc.  <\/p><p>The goal of all these activities is to improve the quality and accessibility of water supply, ensure environmental protection and promote sustainable development through precise monitoring and strategic guidance of business processes.<\/p>\t\t\t\t\t\t\t\t<\/div>\n\t\t\t\t<\/div>\n\t\t\t\t<div class=\"elementor-element elementor-element-302367c elementor-widget elementor-widget-heading\" data-id=\"302367c\" data-element_type=\"widget\" data-widget_type=\"heading.default\">\n\t\t\t\t<div class=\"elementor-widget-container\">\n\t\t\t\t\t<h3 class=\"elementor-heading-title elementor-size-default\">Past projects<\/h3>\t\t\t\t<\/div>\n\t\t\t\t<\/div>\n\t\t\t\t<div class=\"elementor-element elementor-element-a331137 elementor-widget elementor-widget-heading\" data-id=\"a331137\" data-element_type=\"widget\" data-widget_type=\"heading.default\">\n\t\t\t\t<div class=\"elementor-widget-container\">\n\t\t\t\t\t<h4 class=\"elementor-heading-title elementor-size-default\">Capacity Development of ViKs Bar, Herceg Novi, Kotor, and Tivat<\/h4>\t\t\t\t<\/div>\n\t\t\t\t<\/div>\n\t\t\t\t<div class=\"elementor-element elementor-element-85fd671 elementor-widget__width-initial elementor-widget elementor-widget-text-editor\" data-id=\"85fd671\" data-element_type=\"widget\" data-widget_type=\"text-editor.default\">\n\t\t\t\t<div class=\"elementor-widget-container\">\n\t\t\t\t\t\t\t\t\t<p><strong>Project status:<\/strong> completed<\/p><p><strong>Value:<\/strong> \u20ac 2 million<\/p><p><strong>Funding sources:<\/strong> KfW grant<\/p><p><strong>Consultant: <\/strong>SACHSEN WASSER, Germany<\/p><p><strong>Implementation period:<\/strong> September 2009- July 2012 <\/p><p><strong>Project Description:<\/strong> Strengthening capacities of the water utilities in Bar, Herceg Novi, Kotor, and Tivat through the improvement of business operations, technical and financial management, as well as the quality of services for citizens and the tourism sector.<\/p><p><strong>Results: <\/strong>Modernization of the utilities\u2019 operations, enhanced transparency and efficiency, improved business performance, serving as a foundation for future investment projects related to water supply and wastewater management.<\/p>\t\t\t\t\t\t\t\t<\/div>\n\t\t\t\t<\/div>\n\t\t\t\t<div class=\"elementor-element elementor-element-dee820a elementor-widget elementor-widget-heading\" data-id=\"dee820a\" data-element_type=\"widget\" data-widget_type=\"heading.default\">\n\t\t\t\t<div class=\"elementor-widget-container\">\n\t\t\t\t\t<h4 class=\"elementor-heading-title elementor-size-default\">GIS \/ Hydraulic Models<\/h4>\t\t\t\t<\/div>\n\t\t\t\t<\/div>\n\t\t\t\t<div class=\"elementor-element elementor-element-98197c1 elementor-widget__width-initial elementor-widget elementor-widget-text-editor\" data-id=\"98197c1\" data-element_type=\"widget\" data-widget_type=\"text-editor.default\">\n\t\t\t\t<div class=\"elementor-widget-container\">\n\t\t\t\t\t\t\t\t\t<p>Hydraulic modeling is a software-based simulation of conditions in a water supply network, which allows for an in-depth analysis of the system by monitoring simulated values of flow through pipelines, pipeline pressures, and changes in water levels in reservoirs. By comparing the simulated data with actual field measurements, a hydraulic model is created, providing a realistic view of the observed water supply system. <\/p><p>Analyzing simulations in the EPANET program can improve water management practices, provide recommendations for future investment measures, facilitate rehabilitation of existing facilities, support the construction of new facilities, and thereby enhance water supply in the studied region.<\/p><p>Hydraulic modeling is part of Vodacom\u2019s internal measures. This activity began in November 2007 in collaboration with the consutancy MACS GmbH from Frankfurt. This type of modeling is used to create a hydraulic model used to identify problematic areas where losses in the network have been detected.  <\/p><p>Modeling in the EPANET software:<\/p>\t\t\t\t\t\t\t\t<\/div>\n\t\t\t\t<\/div>\n\t\t\t\t<div class=\"elementor-element elementor-element-9e3e471 elementor-icon-list--layout-traditional elementor-list-item-link-full_width elementor-widget elementor-widget-icon-list\" data-id=\"9e3e471\" data-element_type=\"widget\" data-widget_type=\"icon-list.default\">\n\t\t\t\t<div class=\"elementor-widget-container\">\n\t\t\t\t\t\t\t<ul class=\"elementor-icon-list-items\">\n\t\t\t\t\t\t\t<li class=\"elementor-icon-list-item\">\n\t\t\t\t\t\t\t\t\t\t\t<span class=\"elementor-icon-list-icon\">\n\t\t\t\t\t\t\t<svg aria-hidden=\"true\" class=\"e-font-icon-svg e-fas-check\" viewBox=\"0 0 512 512\" xmlns=\"http:\/\/www.w3.org\/2000\/svg\"><path d=\"M173.898 439.404l-166.4-166.4c-9.997-9.997-9.997-26.206 0-36.204l36.203-36.204c9.997-9.998 26.207-9.998 36.204 0L192 312.69 432.095 72.596c9.997-9.997 26.207-9.997 36.204 0l36.203 36.204c9.997 9.997 9.997 26.206 0 36.204l-294.4 294.401c-9.998 9.997-26.207 9.997-36.204-.001z\"><\/path><\/svg>\t\t\t\t\t\t<\/span>\n\t\t\t\t\t\t\t\t\t\t<span class=\"elementor-icon-list-text\">Division of the water supply network into supply zones and subzones<\/span>\n\t\t\t\t\t\t\t\t\t<\/li>\n\t\t\t\t\t\t\t\t<li class=\"elementor-icon-list-item\">\n\t\t\t\t\t\t\t\t\t\t\t<span class=\"elementor-icon-list-icon\">\n\t\t\t\t\t\t\t<svg aria-hidden=\"true\" class=\"e-font-icon-svg e-fas-check\" viewBox=\"0 0 512 512\" xmlns=\"http:\/\/www.w3.org\/2000\/svg\"><path d=\"M173.898 439.404l-166.4-166.4c-9.997-9.997-9.997-26.206 0-36.204l36.203-36.204c9.997-9.998 26.207-9.998 36.204 0L192 312.69 432.095 72.596c9.997-9.997 26.207-9.997 36.204 0l36.203 36.204c9.997 9.997 9.997 26.206 0 36.204l-294.4 294.401c-9.998 9.997-26.207 9.997-36.204-.001z\"><\/path><\/svg>\t\t\t\t\t\t<\/span>\n\t\t\t\t\t\t\t\t\t\t<span class=\"elementor-icon-list-text\">Monitoring the relationship between water production and consumption<\/span>\n\t\t\t\t\t\t\t\t\t<\/li>\n\t\t\t\t\t\t\t\t<li class=\"elementor-icon-list-item\">\n\t\t\t\t\t\t\t\t\t\t\t<span class=\"elementor-icon-list-icon\">\n\t\t\t\t\t\t\t<svg aria-hidden=\"true\" class=\"e-font-icon-svg e-fas-check\" viewBox=\"0 0 512 512\" xmlns=\"http:\/\/www.w3.org\/2000\/svg\"><path d=\"M173.898 439.404l-166.4-166.4c-9.997-9.997-9.997-26.206 0-36.204l36.203-36.204c9.997-9.998 26.207-9.998 36.204 0L192 312.69 432.095 72.596c9.997-9.997 26.207-9.997 36.204 0l36.203 36.204c9.997 9.997 9.997 26.206 0 36.204l-294.4 294.401c-9.998 9.997-26.207 9.997-36.204-.001z\"><\/path><\/svg>\t\t\t\t\t\t<\/span>\n\t\t\t\t\t\t\t\t\t\t<span class=\"elementor-icon-list-text\">Assessment of the overall condition or specific parts of the water supply network<\/span>\n\t\t\t\t\t\t\t\t\t<\/li>\n\t\t\t\t\t\t\t\t<li class=\"elementor-icon-list-item\">\n\t\t\t\t\t\t\t\t\t\t\t<span class=\"elementor-icon-list-icon\">\n\t\t\t\t\t\t\t<svg aria-hidden=\"true\" class=\"e-font-icon-svg e-fas-check\" viewBox=\"0 0 512 512\" xmlns=\"http:\/\/www.w3.org\/2000\/svg\"><path d=\"M173.898 439.404l-166.4-166.4c-9.997-9.997-9.997-26.206 0-36.204l36.203-36.204c9.997-9.998 26.207-9.998 36.204 0L192 312.69 432.095 72.596c9.997-9.997 26.207-9.997 36.204 0l36.203 36.204c9.997 9.997 9.997 26.206 0 36.204l-294.4 294.401c-9.998 9.997-26.207 9.997-36.204-.001z\"><\/path><\/svg>\t\t\t\t\t\t<\/span>\n\t\t\t\t\t\t\t\t\t\t<span class=\"elementor-icon-list-text\">Identification of potential losses in the network<\/span>\n\t\t\t\t\t\t\t\t\t<\/li>\n\t\t\t\t\t\t\t\t<li class=\"elementor-icon-list-item\">\n\t\t\t\t\t\t\t\t\t\t\t<span class=\"elementor-icon-list-icon\">\n\t\t\t\t\t\t\t<svg aria-hidden=\"true\" class=\"e-font-icon-svg e-fas-check\" viewBox=\"0 0 512 512\" xmlns=\"http:\/\/www.w3.org\/2000\/svg\"><path d=\"M173.898 439.404l-166.4-166.4c-9.997-9.997-9.997-26.206 0-36.204l36.203-36.204c9.997-9.998 26.207-9.998 36.204 0L192 312.69 432.095 72.596c9.997-9.997 26.207-9.997 36.204 0l36.203 36.204c9.997 9.997 9.997 26.206 0 36.204l-294.4 294.401c-9.998 9.997-26.207 9.997-36.204-.001z\"><\/path><\/svg>\t\t\t\t\t\t<\/span>\n\t\t\t\t\t\t\t\t\t\t<span class=\"elementor-icon-list-text\">Determination of measurement points for flow and pressure monitoring<\/span>\n\t\t\t\t\t\t\t\t\t<\/li>\n\t\t\t\t\t\t<\/ul>\n\t\t\t\t\t\t<\/div>\n\t\t\t\t<\/div>\n\t\t\t\t<div class=\"elementor-element elementor-element-3d500ad elementor-widget elementor-widget-heading\" data-id=\"3d500ad\" data-element_type=\"widget\" data-widget_type=\"heading.default\">\n\t\t\t\t<div class=\"elementor-widget-container\">\n\t\t\t\t\t<h4 class=\"elementor-heading-title elementor-size-default\">Leak Detection<\/h4>\t\t\t\t<\/div>\n\t\t\t\t<\/div>\n\t\t\t\t<div class=\"elementor-element elementor-element-0a7223a elementor-widget__width-initial elementor-widget elementor-widget-text-editor\" data-id=\"0a7223a\" data-element_type=\"widget\" data-widget_type=\"text-editor.default\">\n\t\t\t\t<div class=\"elementor-widget-container\">\n\t\t\t\t\t\t\t\t\t<p>The most influential component in improving the technical and commercial performance of water utilities is the more efficient use of existing resources, as well as the reduction of losses and non-revenue water(NRW). This component contributes to increased water supply efficiency, improved water management, financially sustainable operations, and greater protection of Montenegro\u2019s natural resources. <\/p><p>In this context, since 2006, Vodacom has been working on developing and strengthening the capacities of the technical departments of water utilities, with the aim of achieving an acceptable level of water losses in the supply system and developing all supporting tools for effective water utility management. <\/p>\t\t\t\t\t\t\t\t<\/div>\n\t\t\t\t<\/div>\n\t\t\t\t<div class=\"elementor-element elementor-element-6583efd elementor-widget elementor-widget-heading\" data-id=\"6583efd\" data-element_type=\"widget\" data-widget_type=\"heading.default\">\n\t\t\t\t<div class=\"elementor-widget-container\">\n\t\t\t\t\t<h4 class=\"elementor-heading-title elementor-size-default\">Business Planning<\/h4>\t\t\t\t<\/div>\n\t\t\t\t<\/div>\n\t\t\t\t<div class=\"elementor-element elementor-element-8ba33e6 elementor-widget__width-initial elementor-widget elementor-widget-text-editor\" data-id=\"8ba33e6\" data-element_type=\"widget\" data-widget_type=\"text-editor.default\">\n\t\t\t\t<div class=\"elementor-widget-container\">\n\t\t\t\t\t\t\t\t\t<p>As part of the Institutional Support Projects for Vodacom and water utilities, financed by the German Development Bank (KfW), Vodacom was trained to provide support to water utilities in developing their business plans. Today, in a market-oriented economy and under conditions where many external institutions are interested in the operational information of companies, the need for business plan development has become evident. Through planning, water utilities consciously and systematically develop their strengths and address their weaknesses, ensuring an organized path toward long-term successful operations.  <\/p><p>A company should have their strategy and clearly defined business objectives to be able to respond to customer demands in a sustainable and socially responsible manner. The management of water supply and wastewater services differs from other sectors due to the nature of the product, which requires a distinct approach and management strategies. The business plans of water utilities provide all stakeholders with an understanding of the seriousness and responsibility of the ViK management in guiding the company\u2019s business policy.  <\/p>\t\t\t\t\t\t\t\t<\/div>\n\t\t\t\t<\/div>\n\t\t\t\t<div class=\"elementor-element elementor-element-8547f1b elementor-widget elementor-widget-heading\" data-id=\"8547f1b\" data-element_type=\"widget\" data-widget_type=\"heading.default\">\n\t\t\t\t<div class=\"elementor-widget-container\">\n\t\t\t\t\t<h4 class=\"elementor-heading-title elementor-size-default\">Tariff setting<\/h4>\t\t\t\t<\/div>\n\t\t\t\t<\/div>\n\t\t\t\t<div class=\"elementor-element elementor-element-0f5aa9b elementor-widget__width-initial elementor-widget elementor-widget-text-editor\" data-id=\"0f5aa9b\" data-element_type=\"widget\" data-widget_type=\"text-editor.default\">\n\t\t\t\t<div class=\"elementor-widget-container\">\n\t\t\t\t\t\t\t\t\t<p>In order for the company to be in a position to manage and maintain the water supply and sewerage system in an appropriate manner, it is necessary to establish a tariff that will cover the company\u2019s costs. It is essential that the tariff structure be designed in such a way that not only economic but also social considerations are well balanced, and that the tariffs are affordable to customers. <\/p><p>Development of tariffs is a fundamental instrument for assessing the economic sustainability of the company.<\/p>\t\t\t\t\t\t\t\t<\/div>\n\t\t\t\t<\/div>\n\t\t\t\t\t<\/div>\n\t\t\t\t<\/div>\n\t\t\t\t<\/div>\n\t\t","protected":false},"excerpt":{"rendered":"<p>Istovremeno sa investicionim projektom Vodacom svih ovih godina paralelno implementira Projekat razvoja kapaciteta vodovodnih preduze\u0107a u okviru kojeg pru\u017ea podr\u0161ku osoblju ViKova u izradi poslovnih planova, tarifnih studija, planova pobolj\u0161aja naplate, analizi potra\u017eivanja, analizi finansijskih izvje\u0161taja, GiSu, hidrauli\u010dkom modeliranju, detekciji tehni\u010dkih gubitaka u vodovodnom sistemu. Ongoing Projects Benchmarking Since 2003, Vodacom has been systematically and [&hellip;]<\/p>\n","protected":false},"author":4,"featured_media":0,"parent":1976,"menu_order":0,"comment_status":"closed","ping_status":"closed","template":"","meta":{"_seopress_robots_primary_cat":"","_seopress_titles_title":"","_seopress_titles_desc":"","_seopress_robots_index":"","footnotes":""},"class_list":["post-1913","page","type-page","status-publish","hentry"],"_links":{"self":[{"href":"https:\/\/www.vodacom.co.me\/en\/wp-json\/wp\/v2\/pages\/1913","targetHints":{"allow":["GET"]}}],"collection":[{"href":"https:\/\/www.vodacom.co.me\/en\/wp-json\/wp\/v2\/pages"}],"about":[{"href":"https:\/\/www.vodacom.co.me\/en\/wp-json\/wp\/v2\/types\/page"}],"author":[{"embeddable":true,"href":"https:\/\/www.vodacom.co.me\/en\/wp-json\/wp\/v2\/users\/4"}],"replies":[{"embeddable":true,"href":"https:\/\/www.vodacom.co.me\/en\/wp-json\/wp\/v2\/comments?post=1913"}],"version-history":[{"count":1,"href":"https:\/\/www.vodacom.co.me\/en\/wp-json\/wp\/v2\/pages\/1913\/revisions"}],"predecessor-version":[{"id":1914,"href":"https:\/\/www.vodacom.co.me\/en\/wp-json\/wp\/v2\/pages\/1913\/revisions\/1914"}],"up":[{"embeddable":true,"href":"https:\/\/www.vodacom.co.me\/en\/wp-json\/wp\/v2\/pages\/1976"}],"wp:attachment":[{"href":"https:\/\/www.vodacom.co.me\/en\/wp-json\/wp\/v2\/media?parent=1913"}],"curies":[{"name":"wp","href":"https:\/\/api.w.org\/{rel}","templated":true}]}}